{"id":15123,"date":"2021-01-27T11:58:52","date_gmt":"2021-01-27T10:58:52","guid":{"rendered":"https:\/\/zillinger4vienna.at\/?page_id=15123"},"modified":"2025-08-26T12:56:52","modified_gmt":"2025-08-26T10:56:52","slug":"kontakt","status":"publish","type":"page","link":"https:\/\/zillinger4vienna.at\/de\/kontakt\/","title":{"rendered":"Kontakt"},"content":{"rendered":"<div id=\"cmsmasters_row_iy0i4ua1e\" class=\"cmsmasters_row cmsmasters_color_scheme_default cmsmasters_row_top_default cmsmasters_row_bot_default cmsmasters_row_fullwidth\">\n<div class=\"cmsmasters_row_outer_parent\">\n<div class=\"cmsmasters_row_outer\">\n<div class=\"cmsmasters_row_inner cmsmasters_row_fullwidth\">\n<div class=\"cmsmasters_row_margin\">\n<div id=\"cmsmasters_column_spzkb29d7y\" class=\"cmsmasters_column one_first\">\n<div class=\"cmsmasters_column_inner\"><div id=\"cmsmasters_heading_hgakvosjul\" class=\"cmsmasters_heading_wrap cmsmasters_heading_align_center\">\n\t<h1 class=\"cmsmasters_heading\">Kontakt<\/h1>\n<\/div>\n<\/div><\/div>\n<\/div>\n<\/div>\n<\/div>\n<\/div>\n<\/div>\n<div id=\"cmsmasters_row_1y6fszxk4\" class=\"cmsmasters_row cmsmasters_color_scheme_default cmsmasters_row_top_default cmsmasters_row_bot_default cmsmasters_row_boxed\">\n<div class=\"cmsmasters_row_outer_parent\">\n<div class=\"cmsmasters_row_outer\">\n<div class=\"cmsmasters_row_inner\">\n<div class=\"cmsmasters_row_margin\">\n<div id=\"cmsmasters_column_0a1qm53ek9\" class=\"cmsmasters_column one_third\">\n<div class=\"cmsmasters_column_inner\"><div id=\"cmsmasters_heading_e252i1nxo\" class=\"cmsmasters_heading_wrap cmsmasters_heading_align_left\">\n\t<h5 class=\"cmsmasters_heading\">ANFRAGEN &amp; BUCHEN<\/h5>\n<\/div><div id=\"cmsmasters_heading_1qvx0flb8\" class=\"cmsmasters_heading_wrap cmsmasters_heading_align_left\">\n\t<h1 class=\"cmsmasters_heading\">Hallo! Wie kann ich Ihnen helfen?<\/h1>\n<\/div><div class=\"cmsmasters_text\">\n<p>Sprechen Sie mich einfach an:<br \/>\nNeben meinen \u00f6ffentlichen F\u00fchrungen schn\u00fcre ich Ihnen ebenso nach Interessen und Anlass ein individuelles F\u00fchrungsprogramm.<br \/>\nDas k\u00f6nnen Halbtages- oder auch Tagestouren in Wien und Umgebung sein.<\/p>\n<p>Ich freue mich auf Ihre Anfrage!<\/p>\n<\/div>\n<div id=\"cmsmasters_divider_jlku8whdam\" class=\"cl\"><\/div>\n<div id=\"cmsmasters_heading_71fb0lyabb\" class=\"cmsmasters_heading_wrap cmsmasters_heading_align_left\">\n\t<h3 class=\"cmsmasters_heading\">Kontakt<\/h3>\n<\/div>\n<div id=\"cmsmasters_divider_d7y6flkkih\" class=\"cmsmasters_divider cmsmasters_divider_width_long cmsmasters_divider_pos_center\"><\/div>\n<div class=\"cmsmasters_text\">\n<p>Mag. Karl Zillinger<br \/>\nHistoriker, Austria Guide<br \/>\n&amp; Kunstvermittler<br \/>\nTel: <span role=\"link\" aria-label=\"+43 699 19225103 anrufen\">+43 699 19225103<\/span><br \/>\nMail: <a href=\"mailto:office@zillinger4vienna.at\"><span style=\"color: #000000;\">office(at)zillinger4vienna(dot)at<\/span><\/a><\/p>\n<\/div>\n<\/div><\/div>\n<div id=\"cmsmasters_column_ab6077ji0l\" class=\"cmsmasters_column two_third\">\n<div class=\"cmsmasters_column_inner\"><div class=\"aligncenter\"><div class=\"cmsmasters_img  cmsmasters_image_c\"><img decoding=\"async\" src=\"https:\/\/zillinger4vienna.at\/wp-content\/uploads\/2021\/01\/impressionen-17-580x873.jpg\" \/><\/div><\/div>\n<\/div><\/div>\n<\/div>\n<\/div>\n<\/div>\n<\/div>\n<\/div>\n\n","protected":false},"excerpt":{"rendered":"","protected":false},"author":1,"featured_media":0,"parent":0,"menu_order":0,"comment_status":"closed","ping_status":"closed","template":"","meta":{"_EventAllDay":false,"_EventTimezone":"","_EventStartDate":"","_EventEndDate":"","_EventStartDateUTC":"","_EventEndDateUTC":"","_EventShowMap":false,"_EventShowMapLink":false,"_EventURL":"","_EventCost":"","_EventCostDescription":"","_EventCurrencySymbol":"","_EventCurrencyCode":"","_EventCurrencyPosition":"","_EventDateTimeSeparator":"","_EventTimeRangeSeparator":"","_EventOrganizerID":[],"_EventVenueID":0,"_OrganizerEmail":"","_OrganizerPhone":"","_OrganizerWebsite":"","_VenueAddress":"","_VenueCity":"","_VenueCountry":"","_VenueProvince":"","_VenueZip":"","_VenuePhone":"","_VenueURL":"","_VenueStateProvince":"","_VenueLat":"","_VenueLng":"","footnotes":""},"class_list":["post-15123","page","type-page","status-publish","hentry"],"yoast_head":"<!-- This site is optimized with the Yoast SEO plugin v25.0 - https:\/\/yoast.com\/wordpress\/plugins\/seo\/ -->\n<title>Kontakt - Zillinger4Vienna<\/title>\n<meta name=\"description\" content=\"Stadtf\u00fchrungen in Wien: \u00d6ffentliche Stadtspazierg\u00e4nge und private F\u00fchrungen mit dem zertifizierten Austria Guide Mag. Karl Zillinger\" \/>\n<meta name=\"robots\" content=\"index, follow, max-snippet:-1, max-image-preview:large, max-video-preview:-1\" \/>\n<link rel=\"canonical\" href=\"https:\/\/zillinger4vienna.at\/de\/kontakt\/\" \/>\n<meta property=\"og:locale\" content=\"de_DE\" \/>\n<meta property=\"og:type\" content=\"article\" \/>\n<meta property=\"og:title\" content=\"Kontakt - Zillinger4Vienna\" \/>\n<meta property=\"og:description\" content=\"Stadtf\u00fchrungen in Wien: \u00d6ffentliche Stadtspazierg\u00e4nge und private F\u00fchrungen mit dem zertifizierten Austria Guide Mag. Karl Zillinger\" \/>\n<meta property=\"og:url\" content=\"https:\/\/zillinger4vienna.at\/de\/kontakt\/\" \/>\n<meta property=\"og:site_name\" content=\"Zillinger4Vienna\" \/>\n<meta property=\"article:modified_time\" content=\"2025-08-26T10:56:52+00:00\" \/>\n<meta name=\"twitter:card\" content=\"summary_large_image\" \/>\n<meta name=\"twitter:label1\" content=\"Gesch\u00e4tzte Lesezeit\" \/>\n\t<meta name=\"twitter:data1\" content=\"1\u00a0Minute\" \/>\n<script type=\"application\/ld+json\" class=\"yoast-schema-graph\">{\"@context\":\"https:\/\/schema.org\",\"@graph\":[{\"@type\":\"WebPage\",\"@id\":\"https:\/\/zillinger4vienna.at\/kontakt\/\",\"url\":\"https:\/\/zillinger4vienna.at\/kontakt\/\",\"name\":\"Kontakt - Zillinger4Vienna\",\"isPartOf\":{\"@id\":\"https:\/\/zillinger4vienna.at\/de\/#website\"},\"datePublished\":\"2021-01-27T10:58:52+00:00\",\"dateModified\":\"2025-08-26T10:56:52+00:00\",\"description\":\"Stadtf\u00fchrungen in Wien: \u00d6ffentliche Stadtspazierg\u00e4nge und private F\u00fchrungen mit dem zertifizierten Austria Guide Mag. Karl Zillinger\",\"breadcrumb\":{\"@id\":\"https:\/\/zillinger4vienna.at\/kontakt\/#breadcrumb\"},\"inLanguage\":\"de\",\"potentialAction\":[{\"@type\":\"ReadAction\",\"target\":[\"https:\/\/zillinger4vienna.at\/kontakt\/\"]}]},{\"@type\":\"BreadcrumbList\",\"@id\":\"https:\/\/zillinger4vienna.at\/kontakt\/#breadcrumb\",\"itemListElement\":[{\"@type\":\"ListItem\",\"position\":1,\"name\":\"Startseite\",\"item\":\"https:\/\/zillinger4vienna.at\/\"},{\"@type\":\"ListItem\",\"position\":2,\"name\":\"Kontakt\"}]},{\"@type\":\"WebSite\",\"@id\":\"https:\/\/zillinger4vienna.at\/de\/#website\",\"url\":\"https:\/\/zillinger4vienna.at\/de\/\",\"name\":\"Zillinger4Vienna\",\"description\":\"Unvergessliche Stadtf\u00fchrungen in Wien\",\"potentialAction\":[{\"@type\":\"SearchAction\",\"target\":{\"@type\":\"EntryPoint\",\"urlTemplate\":\"https:\/\/zillinger4vienna.at\/de\/?s={search_term_string}\"},\"query-input\":{\"@type\":\"PropertyValueSpecification\",\"valueRequired\":true,\"valueName\":\"search_term_string\"}}],\"inLanguage\":\"de\"}]}<\/script>\n<!-- \/ Yoast SEO plugin. -->","yoast_head_json":{"title":"Kontakt - Zillinger4Vienna","description":"Stadtf\u00fchrungen in Wien: \u00d6ffentliche Stadtspazierg\u00e4nge und private F\u00fchrungen mit dem zertifizierten Austria Guide Mag. Karl Zillinger","robots":{"index":"index","follow":"follow","max-snippet":"max-snippet:-1","max-image-preview":"max-image-preview:large","max-video-preview":"max-video-preview:-1"},"canonical":"https:\/\/zillinger4vienna.at\/de\/kontakt\/","og_locale":"de_DE","og_type":"article","og_title":"Kontakt - Zillinger4Vienna","og_description":"Stadtf\u00fchrungen in Wien: \u00d6ffentliche Stadtspazierg\u00e4nge und private F\u00fchrungen mit dem zertifizierten Austria Guide Mag. Karl Zillinger","og_url":"https:\/\/zillinger4vienna.at\/de\/kontakt\/","og_site_name":"Zillinger4Vienna","article_modified_time":"2025-08-26T10:56:52+00:00","twitter_card":"summary_large_image","twitter_misc":{"Gesch\u00e4tzte Lesezeit":"1\u00a0Minute"},"schema":{"@context":"https:\/\/schema.org","@graph":[{"@type":"WebPage","@id":"https:\/\/zillinger4vienna.at\/kontakt\/","url":"https:\/\/zillinger4vienna.at\/kontakt\/","name":"Kontakt - Zillinger4Vienna","isPartOf":{"@id":"https:\/\/zillinger4vienna.at\/de\/#website"},"datePublished":"2021-01-27T10:58:52+00:00","dateModified":"2025-08-26T10:56:52+00:00","description":"Stadtf\u00fchrungen in Wien: \u00d6ffentliche Stadtspazierg\u00e4nge und private F\u00fchrungen mit dem zertifizierten Austria Guide Mag. Karl Zillinger","breadcrumb":{"@id":"https:\/\/zillinger4vienna.at\/kontakt\/#breadcrumb"},"inLanguage":"de","potentialAction":[{"@type":"ReadAction","target":["https:\/\/zillinger4vienna.at\/kontakt\/"]}]},{"@type":"BreadcrumbList","@id":"https:\/\/zillinger4vienna.at\/kontakt\/#breadcrumb","itemListElement":[{"@type":"ListItem","position":1,"name":"Startseite","item":"https:\/\/zillinger4vienna.at\/"},{"@type":"ListItem","position":2,"name":"Kontakt"}]},{"@type":"WebSite","@id":"https:\/\/zillinger4vienna.at\/de\/#website","url":"https:\/\/zillinger4vienna.at\/de\/","name":"Zillinger4Vienna","description":"Unvergessliche Stadtf\u00fchrungen in Wien","potentialAction":[{"@type":"SearchAction","target":{"@type":"EntryPoint","urlTemplate":"https:\/\/zillinger4vienna.at\/de\/?s={search_term_string}"},"query-input":{"@type":"PropertyValueSpecification","valueRequired":true,"valueName":"search_term_string"}}],"inLanguage":"de"}]}},"_links":{"self":[{"href":"https:\/\/zillinger4vienna.at\/de\/wp-json\/wp\/v2\/pages\/15123","targetHints":{"allow":["GET"]}}],"collection":[{"href":"https:\/\/zillinger4vienna.at\/de\/wp-json\/wp\/v2\/pages"}],"about":[{"href":"https:\/\/zillinger4vienna.at\/de\/wp-json\/wp\/v2\/types\/page"}],"author":[{"embeddable":true,"href":"https:\/\/zillinger4vienna.at\/de\/wp-json\/wp\/v2\/users\/1"}],"replies":[{"embeddable":true,"href":"https:\/\/zillinger4vienna.at\/de\/wp-json\/wp\/v2\/comments?post=15123"}],"version-history":[{"count":59,"href":"https:\/\/zillinger4vienna.at\/de\/wp-json\/wp\/v2\/pages\/15123\/revisions"}],"predecessor-version":[{"id":18253,"href":"https:\/\/zillinger4vienna.at\/de\/wp-json\/wp\/v2\/pages\/15123\/revisions\/18253"}],"wp:attachment":[{"href":"https:\/\/zillinger4vienna.at\/de\/wp-json\/wp\/v2\/media?parent=15123"}],"curies":[{"name":"wp","href":"https:\/\/api.w.org\/{rel}","templated":true}]}}